{"id":819,"date":"2020-07-16T18:27:23","date_gmt":"2020-07-16T21:27:23","guid":{"rendered":"https:\/\/zenitcreative.com\/lab\/village\/?page_id=819"},"modified":"2020-07-16T22:01:17","modified_gmt":"2020-07-17T01:01:17","slug":"acomodaciones","status":"publish","type":"page","link":"https:\/\/villageportodegalinhas.com.br\/es\/acomodaciones\/","title":{"rendered":"Acomodaciones"},"content":{"rendered":"","protected":false},"excerpt":{"rendered":"","protected":false},"author":1,"featured_media":621,"parent":0,"menu_order":38,"comment_status":"closed","ping_status":"closed","template":"templates\/template-accommodations.php","meta":{"_acf_changed":false,"footnotes":""},"class_list":["post-819","page","type-page","status-publish","has-post-thumbnail","hentry"],"acf":[],"yoast_head":"<!-- This site is optimized with the Yoast SEO plugin v27.6 - https:\/\/yoast.com\/product\/yoast-seo-wordpress\/ -->\n<title>Acomodaciones - Hotel Village Porto de Galinhas | Melhor hotel para sua fam\u00edlia<\/title>\n<meta name=\"robots\" content=\"index, follow, max-snippet:-1, max-image-preview:large, max-video-preview:-1\" \/>\n<link rel=\"canonical\" href=\"https:\/\/villageportodegalinhas.com.br\/es\/acomodaciones\/\" \/>\n<meta property=\"og:locale\" content=\"es_ES\" \/>\n<meta property=\"og:type\" content=\"article\" \/>\n<meta property=\"og:title\" content=\"Acomodaciones - Hotel Village Porto de Galinhas | Melhor hotel para sua fam\u00edlia\" \/>\n<meta property=\"og:url\" content=\"https:\/\/villageportodegalinhas.com.br\/es\/acomodaciones\/\" \/>\n<meta property=\"og:site_name\" content=\"Hotel Village Porto de Galinhas | Melhor hotel para sua fam\u00edlia\" \/>\n<meta property=\"article:publisher\" content=\"https:\/\/www.facebook.com\/hotelvillageporto\/\" \/>\n<meta property=\"article:modified_time\" content=\"2020-07-17T01:01:17+00:00\" \/>\n<meta property=\"og:image\" content=\"https:\/\/villageportodegalinhas.com.br\/village\/wp-content\/uploads\/2020\/03\/village-porto-de-galinhas-acomodacoes-varanda-rede-mesa-cadeiras-flores-coquetel-frutas.jpg\" \/>\n\t<meta property=\"og:image:width\" content=\"1750\" \/>\n\t<meta property=\"og:image:height\" content=\"691\" \/>\n\t<meta property=\"og:image:type\" content=\"image\/jpeg\" \/>\n<meta name=\"twitter:card\" content=\"summary_large_image\" \/>\n<script type=\"application\/ld+json\" class=\"yoast-schema-graph\">{\"@context\":\"https:\\\/\\\/schema.org\",\"@graph\":[{\"@type\":\"WebPage\",\"@id\":\"https:\\\/\\\/villageportodegalinhas.com.br\\\/es\\\/acomodaciones\\\/\",\"url\":\"https:\\\/\\\/villageportodegalinhas.com.br\\\/es\\\/acomodaciones\\\/\",\"name\":\"Acomodaciones - Hotel Village Porto de Galinhas | Melhor hotel para sua fam\u00edlia\",\"isPartOf\":{\"@id\":\"https:\\\/\\\/villageportodegalinhas.com.br\\\/es\\\/#website\"},\"primaryImageOfPage\":{\"@id\":\"https:\\\/\\\/villageportodegalinhas.com.br\\\/es\\\/acomodaciones\\\/#primaryimage\"},\"image\":{\"@id\":\"https:\\\/\\\/villageportodegalinhas.com.br\\\/es\\\/acomodaciones\\\/#primaryimage\"},\"thumbnailUrl\":\"https:\\\/\\\/villageportodegalinhas.com.br\\\/village\\\/wp-content\\\/uploads\\\/2020\\\/03\\\/village-porto-de-galinhas-acomodacoes-varanda-rede-mesa-cadeiras-flores-coquetel-frutas.jpg\",\"datePublished\":\"2020-07-16T21:27:23+00:00\",\"dateModified\":\"2020-07-17T01:01:17+00:00\",\"breadcrumb\":{\"@id\":\"https:\\\/\\\/villageportodegalinhas.com.br\\\/es\\\/acomodaciones\\\/#breadcrumb\"},\"inLanguage\":\"es\",\"potentialAction\":[{\"@type\":\"ReadAction\",\"target\":[\"https:\\\/\\\/villageportodegalinhas.com.br\\\/es\\\/acomodaciones\\\/\"]}]},{\"@type\":\"ImageObject\",\"inLanguage\":\"es\",\"@id\":\"https:\\\/\\\/villageportodegalinhas.com.br\\\/es\\\/acomodaciones\\\/#primaryimage\",\"url\":\"https:\\\/\\\/villageportodegalinhas.com.br\\\/village\\\/wp-content\\\/uploads\\\/2020\\\/03\\\/village-porto-de-galinhas-acomodacoes-varanda-rede-mesa-cadeiras-flores-coquetel-frutas.jpg\",\"contentUrl\":\"https:\\\/\\\/villageportodegalinhas.com.br\\\/village\\\/wp-content\\\/uploads\\\/2020\\\/03\\\/village-porto-de-galinhas-acomodacoes-varanda-rede-mesa-cadeiras-flores-coquetel-frutas.jpg\",\"width\":1750,\"height\":691},{\"@type\":\"BreadcrumbList\",\"@id\":\"https:\\\/\\\/villageportodegalinhas.com.br\\\/es\\\/acomodaciones\\\/#breadcrumb\",\"itemListElement\":[{\"@type\":\"ListItem\",\"position\":1,\"name\":\"In\u00edcio\",\"item\":\"https:\\\/\\\/villageportodegalinhas.com.br\\\/es\\\/homepage\\\/\"},{\"@type\":\"ListItem\",\"position\":2,\"name\":\"Acomodaciones\"}]},{\"@type\":\"WebSite\",\"@id\":\"https:\\\/\\\/villageportodegalinhas.com.br\\\/es\\\/#website\",\"url\":\"https:\\\/\\\/villageportodegalinhas.com.br\\\/es\\\/\",\"name\":\"Hotel Village Porto de Galinhas\",\"description\":\"Hotel 4 estrelas com um complexo aqu\u00e1tico de mil metros, bangal\u00f4s de luxo com e sem piscina privativa, espa\u00e7o recreativo, restaurantes, bares e muito mais.\",\"publisher\":{\"@id\":\"https:\\\/\\\/villageportodegalinhas.com.br\\\/es\\\/#organization\"},\"potentialAction\":[{\"@type\":\"SearchAction\",\"target\":{\"@type\":\"EntryPoint\",\"urlTemplate\":\"https:\\\/\\\/villageportodegalinhas.com.br\\\/es\\\/?s={search_term_string}\"},\"query-input\":{\"@type\":\"PropertyValueSpecification\",\"valueRequired\":true,\"valueName\":\"search_term_string\"}}],\"inLanguage\":\"es\"},{\"@type\":\"Organization\",\"@id\":\"https:\\\/\\\/villageportodegalinhas.com.br\\\/es\\\/#organization\",\"name\":\"Hotel Village Porto de Galinhas\",\"url\":\"https:\\\/\\\/villageportodegalinhas.com.br\\\/es\\\/\",\"logo\":{\"@type\":\"ImageObject\",\"inLanguage\":\"es\",\"@id\":\"https:\\\/\\\/villageportodegalinhas.com.br\\\/es\\\/#\\\/schema\\\/logo\\\/image\\\/\",\"url\":\"https:\\\/\\\/villageportodegalinhas.com.br\\\/village\\\/wp-content\\\/uploads\\\/2024\\\/01\\\/logo.png\",\"contentUrl\":\"https:\\\/\\\/villageportodegalinhas.com.br\\\/village\\\/wp-content\\\/uploads\\\/2024\\\/01\\\/logo.png\",\"width\":220,\"height\":69,\"caption\":\"Hotel Village Porto de Galinhas\"},\"image\":{\"@id\":\"https:\\\/\\\/villageportodegalinhas.com.br\\\/es\\\/#\\\/schema\\\/logo\\\/image\\\/\"},\"sameAs\":[\"https:\\\/\\\/www.facebook.com\\\/hotelvillageporto\\\/\",\"https:\\\/\\\/www.instagram.com\\\/hotelvillageporto\\\/\",\"https:\\\/\\\/www.youtube.com\\\/user\\\/villageportodegalinh\"]}]}<\/script>\n<!-- \/ Yoast SEO plugin. -->","yoast_head_json":{"title":"Acomodaciones - Hotel Village Porto de Galinhas | Melhor hotel para sua fam\u00edlia","robots":{"index":"index","follow":"follow","max-snippet":"max-snippet:-1","max-image-preview":"max-image-preview:large","max-video-preview":"max-video-preview:-1"},"canonical":"https:\/\/villageportodegalinhas.com.br\/es\/acomodaciones\/","og_locale":"es_ES","og_type":"article","og_title":"Acomodaciones - Hotel Village Porto de Galinhas | Melhor hotel para sua fam\u00edlia","og_url":"https:\/\/villageportodegalinhas.com.br\/es\/acomodaciones\/","og_site_name":"Hotel Village Porto de Galinhas | Melhor hotel para sua fam\u00edlia","article_publisher":"https:\/\/www.facebook.com\/hotelvillageporto\/","article_modified_time":"2020-07-17T01:01:17+00:00","og_image":[{"width":1750,"height":691,"url":"https:\/\/villageportodegalinhas.com.br\/village\/wp-content\/uploads\/2020\/03\/village-porto-de-galinhas-acomodacoes-varanda-rede-mesa-cadeiras-flores-coquetel-frutas.jpg","type":"image\/jpeg"}],"twitter_card":"summary_large_image","schema":{"@context":"https:\/\/schema.org","@graph":[{"@type":"WebPage","@id":"https:\/\/villageportodegalinhas.com.br\/es\/acomodaciones\/","url":"https:\/\/villageportodegalinhas.com.br\/es\/acomodaciones\/","name":"Acomodaciones - Hotel Village Porto de Galinhas | Melhor hotel para sua fam\u00edlia","isPartOf":{"@id":"https:\/\/villageportodegalinhas.com.br\/es\/#website"},"primaryImageOfPage":{"@id":"https:\/\/villageportodegalinhas.com.br\/es\/acomodaciones\/#primaryimage"},"image":{"@id":"https:\/\/villageportodegalinhas.com.br\/es\/acomodaciones\/#primaryimage"},"thumbnailUrl":"https:\/\/villageportodegalinhas.com.br\/village\/wp-content\/uploads\/2020\/03\/village-porto-de-galinhas-acomodacoes-varanda-rede-mesa-cadeiras-flores-coquetel-frutas.jpg","datePublished":"2020-07-16T21:27:23+00:00","dateModified":"2020-07-17T01:01:17+00:00","breadcrumb":{"@id":"https:\/\/villageportodegalinhas.com.br\/es\/acomodaciones\/#breadcrumb"},"inLanguage":"es","potentialAction":[{"@type":"ReadAction","target":["https:\/\/villageportodegalinhas.com.br\/es\/acomodaciones\/"]}]},{"@type":"ImageObject","inLanguage":"es","@id":"https:\/\/villageportodegalinhas.com.br\/es\/acomodaciones\/#primaryimage","url":"https:\/\/villageportodegalinhas.com.br\/village\/wp-content\/uploads\/2020\/03\/village-porto-de-galinhas-acomodacoes-varanda-rede-mesa-cadeiras-flores-coquetel-frutas.jpg","contentUrl":"https:\/\/villageportodegalinhas.com.br\/village\/wp-content\/uploads\/2020\/03\/village-porto-de-galinhas-acomodacoes-varanda-rede-mesa-cadeiras-flores-coquetel-frutas.jpg","width":1750,"height":691},{"@type":"BreadcrumbList","@id":"https:\/\/villageportodegalinhas.com.br\/es\/acomodaciones\/#breadcrumb","itemListElement":[{"@type":"ListItem","position":1,"name":"In\u00edcio","item":"https:\/\/villageportodegalinhas.com.br\/es\/homepage\/"},{"@type":"ListItem","position":2,"name":"Acomodaciones"}]},{"@type":"WebSite","@id":"https:\/\/villageportodegalinhas.com.br\/es\/#website","url":"https:\/\/villageportodegalinhas.com.br\/es\/","name":"Hotel Village Porto de Galinhas","description":"Hotel 4 estrelas com um complexo aqu\u00e1tico de mil metros, bangal\u00f4s de luxo com e sem piscina privativa, espa\u00e7o recreativo, restaurantes, bares e muito mais.","publisher":{"@id":"https:\/\/villageportodegalinhas.com.br\/es\/#organization"},"potentialAction":[{"@type":"SearchAction","target":{"@type":"EntryPoint","urlTemplate":"https:\/\/villageportodegalinhas.com.br\/es\/?s={search_term_string}"},"query-input":{"@type":"PropertyValueSpecification","valueRequired":true,"valueName":"search_term_string"}}],"inLanguage":"es"},{"@type":"Organization","@id":"https:\/\/villageportodegalinhas.com.br\/es\/#organization","name":"Hotel Village Porto de Galinhas","url":"https:\/\/villageportodegalinhas.com.br\/es\/","logo":{"@type":"ImageObject","inLanguage":"es","@id":"https:\/\/villageportodegalinhas.com.br\/es\/#\/schema\/logo\/image\/","url":"https:\/\/villageportodegalinhas.com.br\/village\/wp-content\/uploads\/2024\/01\/logo.png","contentUrl":"https:\/\/villageportodegalinhas.com.br\/village\/wp-content\/uploads\/2024\/01\/logo.png","width":220,"height":69,"caption":"Hotel Village Porto de Galinhas"},"image":{"@id":"https:\/\/villageportodegalinhas.com.br\/es\/#\/schema\/logo\/image\/"},"sameAs":["https:\/\/www.facebook.com\/hotelvillageporto\/","https:\/\/www.instagram.com\/hotelvillageporto\/","https:\/\/www.youtube.com\/user\/villageportodegalinh"]}]}},"_links":{"self":[{"href":"https:\/\/villageportodegalinhas.com.br\/es\/wp-json\/wp\/v2\/pages\/819","targetHints":{"allow":["GET"]}}],"collection":[{"href":"https:\/\/villageportodegalinhas.com.br\/es\/wp-json\/wp\/v2\/pages"}],"about":[{"href":"https:\/\/villageportodegalinhas.com.br\/es\/wp-json\/wp\/v2\/types\/page"}],"author":[{"embeddable":true,"href":"https:\/\/villageportodegalinhas.com.br\/es\/wp-json\/wp\/v2\/users\/1"}],"replies":[{"embeddable":true,"href":"https:\/\/villageportodegalinhas.com.br\/es\/wp-json\/wp\/v2\/comments?post=819"}],"version-history":[{"count":1,"href":"https:\/\/villageportodegalinhas.com.br\/es\/wp-json\/wp\/v2\/pages\/819\/revisions"}],"predecessor-version":[{"id":820,"href":"https:\/\/villageportodegalinhas.com.br\/es\/wp-json\/wp\/v2\/pages\/819\/revisions\/820"}],"wp:featuredmedia":[{"embeddable":true,"href":"https:\/\/villageportodegalinhas.com.br\/es\/wp-json\/wp\/v2\/media\/621"}],"wp:attachment":[{"href":"https:\/\/villageportodegalinhas.com.br\/es\/wp-json\/wp\/v2\/media?parent=819"}],"curies":[{"name":"wp","href":"https:\/\/api.w.org\/{rel}","templated":true}]}}