{"id":833,"date":"2020-03-12T19:41:35","date_gmt":"2020-03-12T22:41:35","guid":{"rendered":"https:\/\/zenitcreative.com\/lab\/village\/pra-gente-grande\/"},"modified":"2020-07-16T19:36:12","modified_gmt":"2020-07-16T22:36:12","slug":"pra-gente-grande","status":"publish","type":"page","link":"https:\/\/villageportodegalinhas.com.br\/es\/pra-gente-grande\/","title":{"rendered":"Para la gente grande"},"content":{"rendered":"                        <div class=\"container\">\n                <div class=\"intern-content\" data-aos=\"fade-right\">\n                                        <figure class=\"img-intern left mb-negative\">\n                        <img loading=\"lazy\" decoding=\"async\" width=\"545\" height=\"537\" src=\"https:\/\/villageportodegalinhas.com.br\/village\/wp-content\/uploads\/2020\/03\/village-porto-de-galinhas-pra-gente-grande-paranambuco-disco-bar.jpg\" class=\"attachment-full size-full\" alt=\"\" srcset=\"https:\/\/villageportodegalinhas.com.br\/village\/wp-content\/uploads\/2020\/03\/village-porto-de-galinhas-pra-gente-grande-paranambuco-disco-bar.jpg 545w, https:\/\/villageportodegalinhas.com.br\/village\/wp-content\/uploads\/2020\/03\/village-porto-de-galinhas-pra-gente-grande-paranambuco-disco-bar-300x296.jpg 300w\" sizes=\"auto, (max-width: 545px) 100vw, 545px\" \/>                        <figcaption><\/figcaption>\n                    <\/figure>\n\n                    <div class=\"content\" data-aos=\"fade-left\">\n                        <h2><span style=\"color: #003883\">Discoteca Paranambuco<\/span><\/h2>\n<p>La discoteca Paranambuco es un lugar para bailar, oir buena m\u00fasica, asistir una pel\u00edcula y partidos de f\u00fatbol en pantalla 3D de alt\u00edsima resoluci\u00f3n, y hasta para participar en reuniones y eventos corporativos. Acoge c\u00f3modamente hasta 150 personas sentadas y ofrece lo m\u00e1s moderno en t\u00e9rminos de sonido e iluminaci\u00f3n. Echa un vistazo en el apartado \u00b4shows\u00b4 a todo lo mejor que acontece en la Paranambuco.<\/p>\n                    <\/div>\n                <\/div>\n            <\/div>\n        \n        \n        \n        \n        \n        \n        \n        \n    \n\n\n<div class=\"wp-block-image\"><figure class=\"aligncenter size-full\"><img loading=\"lazy\" decoding=\"async\" width=\"1750\" height=\"481\" src=\"https:\/\/zenitcreative.com\/lab\/village\/wp-content\/uploads\/2020\/03\/village-porto-de-galinhas-pra-gente-grande-show-andre-rio.jpg\" alt=\"Musica ao vivo\" class=\"wp-image-333\" srcset=\"https:\/\/villageportodegalinhas.com.br\/village\/wp-content\/uploads\/2020\/03\/village-porto-de-galinhas-pra-gente-grande-show-andre-rio.jpg 1750w, https:\/\/villageportodegalinhas.com.br\/village\/wp-content\/uploads\/2020\/03\/village-porto-de-galinhas-pra-gente-grande-show-andre-rio-300x82.jpg 300w, https:\/\/villageportodegalinhas.com.br\/village\/wp-content\/uploads\/2020\/03\/village-porto-de-galinhas-pra-gente-grande-show-andre-rio-1024x281.jpg 1024w, https:\/\/villageportodegalinhas.com.br\/village\/wp-content\/uploads\/2020\/03\/village-porto-de-galinhas-pra-gente-grande-show-andre-rio-768x211.jpg 768w, https:\/\/villageportodegalinhas.com.br\/village\/wp-content\/uploads\/2020\/03\/village-porto-de-galinhas-pra-gente-grande-show-andre-rio-1536x422.jpg 1536w\" sizes=\"auto, (max-width: 1750px) 100vw, 1750px\" \/><\/figure><\/div>\n\n\n\n<div class=\"section-programming\">\n    <div class=\"container\">\n        <div class=\"text\" data-aos=\"fade-up\"><h2 class=\"ent-title\" style=\"text-align: center;\"><span style=\"color: #003883;\">Todas las noches una opci\u00f3n diferente de entretenimiento cultural de la mejor calidad.<\/span><\/h2>\n<p class=\"ent-text\" style=\"text-align: center;\">Comprueba la programaci\u00f3n semanal:<\/p>\n<\/div>\n\n        \n            <div class=\"swiper-container programming\">\n                <div class=\"swiper-wrapper\">\n\n                                                        \n                    <div class=\"swiper-slide\">\n                        <a href=\"https:\/\/villageportodegalinhas.com.br\/es\/programacao\/noite-italiana-com-francesco-meo\/\">\n                            <h3 class='day' data-aos=\"fade-up\">Domingo<\/h3>\n                            <div class=\"card-programming\" data-aos=\"fade-up\">\n                                <div class=\"cover\">\n                                    <img decoding=\"async\" src=\"https:\/\/villageportodegalinhas.com.br\/village\/wp-content\/uploads\/2020\/03\/FrancescoMeo3-scaled.jpg\">\n                                <\/div>\n                                <div class=\"content\">\n                                    <p>TODA SEMANA TEM NOITE ITALIANA<\/p>\n\n                                    <button data-aos=\"fade-up\">m\u00e1s<\/button>\n                                <\/div>\n                            <\/div>\n                        <\/a>\n                    <\/div>\n                                                        \n                    <div class=\"swiper-slide\">\n                        <a href=\"https:\/\/villageportodegalinhas.com.br\/es\/programacao\/segunda-feira\/\">\n                            <h3 class='day' data-aos=\"fade-up\">Segunda-feira<\/h3>\n                            <div class=\"card-programming\" data-aos=\"fade-up\">\n                                <div class=\"cover\">\n                                    <img decoding=\"async\" src=\"https:\/\/villageportodegalinhas.com.br\/village\/wp-content\/uploads\/2021\/08\/VillageSet20_1737.jpg\">\n                                <\/div>\n                                <div class=\"content\">\n                                    <p>TODA SEMANA TEM REPERT\u00d3RIO FORROZEIRO AO VIVO E AO AR LIVRE<\/p>\n\n                                    <button data-aos=\"fade-up\">m\u00e1s<\/button>\n                                <\/div>\n                            <\/div>\n                        <\/a>\n                    <\/div>\n                                                        \n                    <div class=\"swiper-slide\">\n                        <a href=\"https:\/\/villageportodegalinhas.com.br\/es\/programacao\/terca-feira\/\">\n                            <h3 class='day' data-aos=\"fade-up\">Ter\u00e7a-feira<\/h3>\n                            <div class=\"card-programming\" data-aos=\"fade-up\">\n                                <div class=\"cover\">\n                                    <img decoding=\"async\" src=\"https:\/\/villageportodegalinhas.com.br\/village\/wp-content\/uploads\/2020\/03\/K6A4440.jpg\">\n                                <\/div>\n                                <div class=\"content\">\n                                    <p>TODA SEMANA TEM<br \/>\nCATARINA ROSA<\/p>\n\n                                    <button data-aos=\"fade-up\">m\u00e1s<\/button>\n                                <\/div>\n                            <\/div>\n                        <\/a>\n                    <\/div>\n                                                        \n                    <div class=\"swiper-slide\">\n                        <a href=\"https:\/\/villageportodegalinhas.com.br\/es\/programacao\/quarta-feira\/\">\n                            <h3 class='day' data-aos=\"fade-up\">Quarta-feira<\/h3>\n                            <div class=\"card-programming\" data-aos=\"fade-up\">\n                                <div class=\"cover\">\n                                    <img decoding=\"async\" src=\"https:\/\/villageportodegalinhas.com.br\/village\/wp-content\/uploads\/2020\/03\/20200225212320__K6A3439.jpg\">\n                                <\/div>\n                                <div class=\"content\">\n                                    <p>TODA SEMANA TEM VILLAGE FEST COM O MELHOR DO AX\u00c9 RETR\u00d4<\/p>\n\n                                    <button data-aos=\"fade-up\">m\u00e1s<\/button>\n                                <\/div>\n                            <\/div>\n                        <\/a>\n                    <\/div>\n                                                        \n                    <div class=\"swiper-slide\">\n                        <a href=\"https:\/\/villageportodegalinhas.com.br\/es\/programacao\/quinta-feira\/\">\n                            <h3 class='day' data-aos=\"fade-up\">Quinta-feira<\/h3>\n                            <div class=\"card-programming\" data-aos=\"fade-up\">\n                                <div class=\"cover\">\n                                    <img decoding=\"async\" src=\"https:\/\/villageportodegalinhas.com.br\/village\/wp-content\/uploads\/2020\/03\/Village-vlubambo-3105-scaled.jpg\">\n                                <\/div>\n                                <div class=\"content\">\n                                    <p>TODA SEMANA TEM<br \/>\nBANDA PROJETO NACIONAL<\/p>\n\n                                    <button data-aos=\"fade-up\">m\u00e1s<\/button>\n                                <\/div>\n                            <\/div>\n                        <\/a>\n                    <\/div>\n                                                        \n                    <div class=\"swiper-slide\">\n                        <a href=\"https:\/\/villageportodegalinhas.com.br\/es\/programacao\/sexta-feira\/\">\n                            <h3 class='day' data-aos=\"fade-up\">Sexta-feira<\/h3>\n                            <div class=\"card-programming\" data-aos=\"fade-up\">\n                                <div class=\"cover\">\n                                    <img decoding=\"async\" src=\"https:\/\/villageportodegalinhas.com.br\/village\/wp-content\/uploads\/2020\/03\/THF8665.jpg\">\n                                <\/div>\n                                <div class=\"content\">\n                                    <p>TODA SEMANA TEM<br \/>\nNOITE NORDESTINA<\/p>\n\n                                    <button data-aos=\"fade-up\">m\u00e1s<\/button>\n                                <\/div>\n                            <\/div>\n                        <\/a>\n                    <\/div>\n                                                        \n                    <div class=\"swiper-slide\">\n                        <a href=\"https:\/\/villageportodegalinhas.com.br\/es\/programacao\/sabado\/\">\n                            <h3 class='day' data-aos=\"fade-up\">S\u00e1bado<\/h3>\n                            <div class=\"card-programming\" data-aos=\"fade-up\">\n                                <div class=\"cover\">\n                                    <img decoding=\"async\" src=\"https:\/\/villageportodegalinhas.com.br\/village\/wp-content\/uploads\/2020\/03\/Village-vlubambo-3102-scaled.jpg\">\n                                <\/div>\n                                <div class=\"content\">\n                                    <p>TODA SEMANA TEM BANDA SUPERNOVA<\/p>\n\n                                    <button data-aos=\"fade-up\">m\u00e1s<\/button>\n                                <\/div>\n                            <\/div>\n                        <\/a>\n                    <\/div>\n                                <\/div>\n                <div class=\"swiper-pagination\" data-aos=\"fade-up\"><\/div>\n            <\/div>\n        <\/div>\n<\/div>\n\n\n<div class=\"wp-block-image is-style-default\"><figure class=\"aligncenter size-full\"><img loading=\"lazy\" decoding=\"async\" width=\"1750\" height=\"481\" src=\"https:\/\/zenitcreative.com\/lab\/village\/wp-content\/uploads\/2020\/03\/village-porto-de-galinhas-pra-gente-grande-lua-de-mel-casal-feliz.jpg\" alt=\"Lua de Mel\" class=\"wp-image-338\" srcset=\"https:\/\/villageportodegalinhas.com.br\/village\/wp-content\/uploads\/2020\/03\/village-porto-de-galinhas-pra-gente-grande-lua-de-mel-casal-feliz.jpg 1750w, https:\/\/villageportodegalinhas.com.br\/village\/wp-content\/uploads\/2020\/03\/village-porto-de-galinhas-pra-gente-grande-lua-de-mel-casal-feliz-300x82.jpg 300w, https:\/\/villageportodegalinhas.com.br\/village\/wp-content\/uploads\/2020\/03\/village-porto-de-galinhas-pra-gente-grande-lua-de-mel-casal-feliz-1024x281.jpg 1024w, https:\/\/villageportodegalinhas.com.br\/village\/wp-content\/uploads\/2020\/03\/village-porto-de-galinhas-pra-gente-grande-lua-de-mel-casal-feliz-768x211.jpg 768w, https:\/\/villageportodegalinhas.com.br\/village\/wp-content\/uploads\/2020\/03\/village-porto-de-galinhas-pra-gente-grande-lua-de-mel-casal-feliz-1536x422.jpg 1536w\" sizes=\"auto, (max-width: 1750px) 100vw, 1750px\" \/><figcaption>Luna de miel<\/figcaption><\/figure><\/div>\n\n\n                        <div class=\"container\">\n                <div class=\"intern-content\" data-aos=\"fade-right\">\n                                        <figure class=\"img-intern left mb-negative\">\n                        <img loading=\"lazy\" decoding=\"async\" width=\"545\" height=\"537\" src=\"https:\/\/villageportodegalinhas.com.br\/village\/wp-content\/uploads\/2020\/03\/village-porto-de-galinhas-pra-gente-grande-casal-piscina.jpg\" class=\"attachment-full size-full\" alt=\"\" srcset=\"https:\/\/villageportodegalinhas.com.br\/village\/wp-content\/uploads\/2020\/03\/village-porto-de-galinhas-pra-gente-grande-casal-piscina.jpg 545w, https:\/\/villageportodegalinhas.com.br\/village\/wp-content\/uploads\/2020\/03\/village-porto-de-galinhas-pra-gente-grande-casal-piscina-300x296.jpg 300w\" sizes=\"auto, (max-width: 545px) 100vw, 545px\" \/>                        <figcaption><\/figcaption>\n                    <\/figure>\n\n                    <div class=\"content\" data-aos=\"fade-left\">\n                        <p class=\"internal-info-text\">Rincones rom\u00e1nticos, hamacas para tumbarse juntos, tumbonas y sombrillas frente a un mar paradis\u00edaco, habitaciones tem\u00e1ticamente preparadas para parejas apasionadas, shows rom\u00e1nticos cada noche, cenas de cara a las fuentes iluminadas.<\/p>\n<p>&nbsp;<\/p>\n<p class=\"internal-info-text\">\u00bfQu\u00e9 falta para que vengas a pasar con nosotros tu luna de miel o usar nuestro hotel como escenario para la tradicional pedida de mano? Tendremos la mayor alegr\u00eda en ser c\u00f3mplices de esta historia de amor y preparar sorpresas para la pareja. Habla con nuestro equipo de Relacionamiento (relacionamento@villageportodegalinhas.com.br) y comprueba todo lo que podemos organizar para hacer este viaje rom\u00e1ntico todav\u00eda m\u00e1s inolvidable.<\/p>\n                    <\/div>\n                <\/div>\n            <\/div>\n        \n        \n        \n        \n        \n        \n        \n        \n    \n\n\n<div class=\"wp-block-group has-background\" style=\"background-color:#17bfc7\"><div class=\"wp-block-group__inner-container is-layout-flow wp-block-group-is-layout-flow\">            \n        \n        \n        \n        \n                                    <div class=\"slide-gallery\">\n                    <div class=\"swiper-button-next\" data-aos=\"fade-right\"><\/div>\n                    <div class=\"swiper-container\">\n                        <div class=\"swiper-wrapper\">\n                                                            <div class=\"swiper-slide\">\n                                    <img loading=\"lazy\" decoding=\"async\" width=\"1443\" height=\"762\" src=\"https:\/\/villageportodegalinhas.com.br\/village\/wp-content\/uploads\/2020\/03\/adultos-1.jpg\" class=\"attachment-full size-full\" alt=\"\" srcset=\"https:\/\/villageportodegalinhas.com.br\/village\/wp-content\/uploads\/2020\/03\/adultos-1.jpg 1443w, https:\/\/villageportodegalinhas.com.br\/village\/wp-content\/uploads\/2020\/03\/adultos-1-300x158.jpg 300w, https:\/\/villageportodegalinhas.com.br\/village\/wp-content\/uploads\/2020\/03\/adultos-1-1024x541.jpg 1024w, https:\/\/villageportodegalinhas.com.br\/village\/wp-content\/uploads\/2020\/03\/adultos-1-768x406.jpg 768w\" sizes=\"auto, (max-width: 1443px) 100vw, 1443px\" \/>                                <\/div>\n                                                    <\/div>\n                        <div class=\"swiper-pagination\" data-aos=\"fade-up\"><\/div>\n                    <\/div>\n                    <div class=\"swiper-button-prev\" data-aos=\"fade-left\"><\/div>\n                <\/div>\n                    \n        \n        \n    <\/div><\/div>\n","protected":false},"excerpt":{"rendered":"","protected":false},"author":1,"featured_media":96952,"parent":0,"menu_order":46,"comment_status":"closed","ping_status":"closed","template":"","meta":{"_acf_changed":false,"footnotes":""},"class_list":["post-833","page","type-page","status-publish","has-post-thumbnail","hentry"],"acf":[],"yoast_head":"<!-- This site is optimized with the Yoast SEO plugin v27.6 - https:\/\/yoast.com\/product\/yoast-seo-wordpress\/ -->\n<title>Para la gente grande - Hotel Village Porto de Galinhas | Melhor hotel para sua fam\u00edlia<\/title>\n<meta name=\"robots\" content=\"index, follow, max-snippet:-1, max-image-preview:large, max-video-preview:-1\" \/>\n<link rel=\"canonical\" href=\"https:\/\/villageportodegalinhas.com.br\/es\/pra-gente-grande\/\" \/>\n<meta property=\"og:locale\" content=\"es_ES\" \/>\n<meta property=\"og:type\" content=\"article\" \/>\n<meta property=\"og:title\" content=\"Para la gente grande - Hotel Village Porto de Galinhas | Melhor hotel para sua fam\u00edlia\" \/>\n<meta property=\"og:url\" content=\"https:\/\/villageportodegalinhas.com.br\/es\/pra-gente-grande\/\" \/>\n<meta property=\"og:site_name\" content=\"Hotel Village Porto de Galinhas | Melhor hotel para sua fam\u00edlia\" \/>\n<meta property=\"article:publisher\" content=\"https:\/\/www.facebook.com\/hotelvillageporto\/\" \/>\n<meta property=\"article:modified_time\" content=\"2020-07-16T22:36:12+00:00\" \/>\n<meta property=\"og:image\" content=\"https:\/\/villageportodegalinhas.com.br\/village\/wp-content\/uploads\/2020\/03\/Village-vlubambo-3102-scaled.jpg\" \/>\n\t<meta property=\"og:image:width\" content=\"2560\" \/>\n\t<meta property=\"og:image:height\" content=\"1708\" \/>\n\t<meta property=\"og:image:type\" content=\"image\/jpeg\" \/>\n<meta name=\"twitter:card\" content=\"summary_large_image\" \/>\n<script type=\"application\/ld+json\" class=\"yoast-schema-graph\">{\"@context\":\"https:\\\/\\\/schema.org\",\"@graph\":[{\"@type\":\"WebPage\",\"@id\":\"https:\\\/\\\/villageportodegalinhas.com.br\\\/es\\\/pra-gente-grande\\\/\",\"url\":\"https:\\\/\\\/villageportodegalinhas.com.br\\\/es\\\/pra-gente-grande\\\/\",\"name\":\"Para la gente grande - Hotel Village Porto de Galinhas | Melhor hotel para sua fam\u00edlia\",\"isPartOf\":{\"@id\":\"https:\\\/\\\/villageportodegalinhas.com.br\\\/es\\\/#website\"},\"primaryImageOfPage\":{\"@id\":\"https:\\\/\\\/villageportodegalinhas.com.br\\\/es\\\/pra-gente-grande\\\/#primaryimage\"},\"image\":{\"@id\":\"https:\\\/\\\/villageportodegalinhas.com.br\\\/es\\\/pra-gente-grande\\\/#primaryimage\"},\"thumbnailUrl\":\"https:\\\/\\\/villageportodegalinhas.com.br\\\/village\\\/wp-content\\\/uploads\\\/2020\\\/03\\\/Village-vlubambo-3102-scaled.jpg\",\"datePublished\":\"2020-03-12T22:41:35+00:00\",\"dateModified\":\"2020-07-16T22:36:12+00:00\",\"breadcrumb\":{\"@id\":\"https:\\\/\\\/villageportodegalinhas.com.br\\\/es\\\/pra-gente-grande\\\/#breadcrumb\"},\"inLanguage\":\"es\",\"potentialAction\":[{\"@type\":\"ReadAction\",\"target\":[\"https:\\\/\\\/villageportodegalinhas.com.br\\\/es\\\/pra-gente-grande\\\/\"]}]},{\"@type\":\"ImageObject\",\"inLanguage\":\"es\",\"@id\":\"https:\\\/\\\/villageportodegalinhas.com.br\\\/es\\\/pra-gente-grande\\\/#primaryimage\",\"url\":\"https:\\\/\\\/villageportodegalinhas.com.br\\\/village\\\/wp-content\\\/uploads\\\/2020\\\/03\\\/Village-vlubambo-3102-scaled.jpg\",\"contentUrl\":\"https:\\\/\\\/villageportodegalinhas.com.br\\\/village\\\/wp-content\\\/uploads\\\/2020\\\/03\\\/Village-vlubambo-3102-scaled.jpg\",\"width\":2560,\"height\":1708},{\"@type\":\"BreadcrumbList\",\"@id\":\"https:\\\/\\\/villageportodegalinhas.com.br\\\/es\\\/pra-gente-grande\\\/#breadcrumb\",\"itemListElement\":[{\"@type\":\"ListItem\",\"position\":1,\"name\":\"In\u00edcio\",\"item\":\"https:\\\/\\\/villageportodegalinhas.com.br\\\/es\\\/homepage\\\/\"},{\"@type\":\"ListItem\",\"position\":2,\"name\":\"Para la gente grande\"}]},{\"@type\":\"WebSite\",\"@id\":\"https:\\\/\\\/villageportodegalinhas.com.br\\\/es\\\/#website\",\"url\":\"https:\\\/\\\/villageportodegalinhas.com.br\\\/es\\\/\",\"name\":\"Hotel Village Porto de Galinhas\",\"description\":\"Hotel 4 estrelas com um complexo aqu\u00e1tico de mil metros, bangal\u00f4s de luxo com e sem piscina privativa, espa\u00e7o recreativo, restaurantes, bares e muito mais.\",\"publisher\":{\"@id\":\"https:\\\/\\\/villageportodegalinhas.com.br\\\/es\\\/#organization\"},\"potentialAction\":[{\"@type\":\"SearchAction\",\"target\":{\"@type\":\"EntryPoint\",\"urlTemplate\":\"https:\\\/\\\/villageportodegalinhas.com.br\\\/es\\\/?s={search_term_string}\"},\"query-input\":{\"@type\":\"PropertyValueSpecification\",\"valueRequired\":true,\"valueName\":\"search_term_string\"}}],\"inLanguage\":\"es\"},{\"@type\":\"Organization\",\"@id\":\"https:\\\/\\\/villageportodegalinhas.com.br\\\/es\\\/#organization\",\"name\":\"Hotel Village Porto de Galinhas\",\"url\":\"https:\\\/\\\/villageportodegalinhas.com.br\\\/es\\\/\",\"logo\":{\"@type\":\"ImageObject\",\"inLanguage\":\"es\",\"@id\":\"https:\\\/\\\/villageportodegalinhas.com.br\\\/es\\\/#\\\/schema\\\/logo\\\/image\\\/\",\"url\":\"https:\\\/\\\/villageportodegalinhas.com.br\\\/village\\\/wp-content\\\/uploads\\\/2024\\\/01\\\/logo.png\",\"contentUrl\":\"https:\\\/\\\/villageportodegalinhas.com.br\\\/village\\\/wp-content\\\/uploads\\\/2024\\\/01\\\/logo.png\",\"width\":220,\"height\":69,\"caption\":\"Hotel Village Porto de Galinhas\"},\"image\":{\"@id\":\"https:\\\/\\\/villageportodegalinhas.com.br\\\/es\\\/#\\\/schema\\\/logo\\\/image\\\/\"},\"sameAs\":[\"https:\\\/\\\/www.facebook.com\\\/hotelvillageporto\\\/\",\"https:\\\/\\\/www.instagram.com\\\/hotelvillageporto\\\/\",\"https:\\\/\\\/www.youtube.com\\\/user\\\/villageportodegalinh\"]}]}<\/script>\n<!-- \/ Yoast SEO plugin. -->","yoast_head_json":{"title":"Para la gente grande - Hotel Village Porto de Galinhas | Melhor hotel para sua fam\u00edlia","robots":{"index":"index","follow":"follow","max-snippet":"max-snippet:-1","max-image-preview":"max-image-preview:large","max-video-preview":"max-video-preview:-1"},"canonical":"https:\/\/villageportodegalinhas.com.br\/es\/pra-gente-grande\/","og_locale":"es_ES","og_type":"article","og_title":"Para la gente grande - Hotel Village Porto de Galinhas | Melhor hotel para sua fam\u00edlia","og_url":"https:\/\/villageportodegalinhas.com.br\/es\/pra-gente-grande\/","og_site_name":"Hotel Village Porto de Galinhas | Melhor hotel para sua fam\u00edlia","article_publisher":"https:\/\/www.facebook.com\/hotelvillageporto\/","article_modified_time":"2020-07-16T22:36:12+00:00","og_image":[{"width":2560,"height":1708,"url":"https:\/\/villageportodegalinhas.com.br\/village\/wp-content\/uploads\/2020\/03\/Village-vlubambo-3102-scaled.jpg","type":"image\/jpeg"}],"twitter_card":"summary_large_image","schema":{"@context":"https:\/\/schema.org","@graph":[{"@type":"WebPage","@id":"https:\/\/villageportodegalinhas.com.br\/es\/pra-gente-grande\/","url":"https:\/\/villageportodegalinhas.com.br\/es\/pra-gente-grande\/","name":"Para la gente grande - Hotel Village Porto de Galinhas | Melhor hotel para sua fam\u00edlia","isPartOf":{"@id":"https:\/\/villageportodegalinhas.com.br\/es\/#website"},"primaryImageOfPage":{"@id":"https:\/\/villageportodegalinhas.com.br\/es\/pra-gente-grande\/#primaryimage"},"image":{"@id":"https:\/\/villageportodegalinhas.com.br\/es\/pra-gente-grande\/#primaryimage"},"thumbnailUrl":"https:\/\/villageportodegalinhas.com.br\/village\/wp-content\/uploads\/2020\/03\/Village-vlubambo-3102-scaled.jpg","datePublished":"2020-03-12T22:41:35+00:00","dateModified":"2020-07-16T22:36:12+00:00","breadcrumb":{"@id":"https:\/\/villageportodegalinhas.com.br\/es\/pra-gente-grande\/#breadcrumb"},"inLanguage":"es","potentialAction":[{"@type":"ReadAction","target":["https:\/\/villageportodegalinhas.com.br\/es\/pra-gente-grande\/"]}]},{"@type":"ImageObject","inLanguage":"es","@id":"https:\/\/villageportodegalinhas.com.br\/es\/pra-gente-grande\/#primaryimage","url":"https:\/\/villageportodegalinhas.com.br\/village\/wp-content\/uploads\/2020\/03\/Village-vlubambo-3102-scaled.jpg","contentUrl":"https:\/\/villageportodegalinhas.com.br\/village\/wp-content\/uploads\/2020\/03\/Village-vlubambo-3102-scaled.jpg","width":2560,"height":1708},{"@type":"BreadcrumbList","@id":"https:\/\/villageportodegalinhas.com.br\/es\/pra-gente-grande\/#breadcrumb","itemListElement":[{"@type":"ListItem","position":1,"name":"In\u00edcio","item":"https:\/\/villageportodegalinhas.com.br\/es\/homepage\/"},{"@type":"ListItem","position":2,"name":"Para la gente grande"}]},{"@type":"WebSite","@id":"https:\/\/villageportodegalinhas.com.br\/es\/#website","url":"https:\/\/villageportodegalinhas.com.br\/es\/","name":"Hotel Village Porto de Galinhas","description":"Hotel 4 estrelas com um complexo aqu\u00e1tico de mil metros, bangal\u00f4s de luxo com e sem piscina privativa, espa\u00e7o recreativo, restaurantes, bares e muito mais.","publisher":{"@id":"https:\/\/villageportodegalinhas.com.br\/es\/#organization"},"potentialAction":[{"@type":"SearchAction","target":{"@type":"EntryPoint","urlTemplate":"https:\/\/villageportodegalinhas.com.br\/es\/?s={search_term_string}"},"query-input":{"@type":"PropertyValueSpecification","valueRequired":true,"valueName":"search_term_string"}}],"inLanguage":"es"},{"@type":"Organization","@id":"https:\/\/villageportodegalinhas.com.br\/es\/#organization","name":"Hotel Village Porto de Galinhas","url":"https:\/\/villageportodegalinhas.com.br\/es\/","logo":{"@type":"ImageObject","inLanguage":"es","@id":"https:\/\/villageportodegalinhas.com.br\/es\/#\/schema\/logo\/image\/","url":"https:\/\/villageportodegalinhas.com.br\/village\/wp-content\/uploads\/2024\/01\/logo.png","contentUrl":"https:\/\/villageportodegalinhas.com.br\/village\/wp-content\/uploads\/2024\/01\/logo.png","width":220,"height":69,"caption":"Hotel Village Porto de Galinhas"},"image":{"@id":"https:\/\/villageportodegalinhas.com.br\/es\/#\/schema\/logo\/image\/"},"sameAs":["https:\/\/www.facebook.com\/hotelvillageporto\/","https:\/\/www.instagram.com\/hotelvillageporto\/","https:\/\/www.youtube.com\/user\/villageportodegalinh"]}]}},"_links":{"self":[{"href":"https:\/\/villageportodegalinhas.com.br\/es\/wp-json\/wp\/v2\/pages\/833","targetHints":{"allow":["GET"]}}],"collection":[{"href":"https:\/\/villageportodegalinhas.com.br\/es\/wp-json\/wp\/v2\/pages"}],"about":[{"href":"https:\/\/villageportodegalinhas.com.br\/es\/wp-json\/wp\/v2\/types\/page"}],"author":[{"embeddable":true,"href":"https:\/\/villageportodegalinhas.com.br\/es\/wp-json\/wp\/v2\/users\/1"}],"replies":[{"embeddable":true,"href":"https:\/\/villageportodegalinhas.com.br\/es\/wp-json\/wp\/v2\/comments?post=833"}],"version-history":[{"count":3,"href":"https:\/\/villageportodegalinhas.com.br\/es\/wp-json\/wp\/v2\/pages\/833\/revisions"}],"predecessor-version":[{"id":892,"href":"https:\/\/villageportodegalinhas.com.br\/es\/wp-json\/wp\/v2\/pages\/833\/revisions\/892"}],"wp:featuredmedia":[{"embeddable":true,"href":"https:\/\/villageportodegalinhas.com.br\/es\/wp-json\/wp\/v2\/media\/96952"}],"wp:attachment":[{"href":"https:\/\/villageportodegalinhas.com.br\/es\/wp-json\/wp\/v2\/media?parent=833"}],"curies":[{"name":"wp","href":"https:\/\/api.w.org\/{rel}","templated":true}]}}