{"id":86141,"date":"2020-07-23T15:24:51","date_gmt":"2020-07-23T18:24:51","guid":{"rendered":"https:\/\/villageportodegalinhas.com.br\/links-uteis\/"},"modified":"2023-02-06T13:00:04","modified_gmt":"2023-02-06T16:00:04","slug":"links-uteis","status":"publish","type":"page","link":"https:\/\/villageportodegalinhas.com.br\/es\/links-uteis\/","title":{"rendered":"Links \u00fateis"},"content":{"rendered":"\n<div style=\"height:46px\" aria-hidden=\"true\" class=\"wp-block-spacer\"><\/div>\n\n<div class=\"wp-block-buttons is-layout-flex wp-block-buttons-is-layout-flex\">\n<div class=\"wp-block-button\"><a class=\"wp-block-button__link has-background no-border-radius\" href=\"https:\/\/villageportodegalinhas.com.br\/links-uteis\/informacoes\/\" style=\"background-color:#17bfc7\">Informaci\u00f3n<\/a><\/div>\n\n\n\n<div class=\"wp-block-button\"><a class=\"wp-block-button__link has-background no-border-radius\" href=\"https:\/\/villageportodegalinhas.com.br\/links-uteis\/programacao\/\" style=\"background-color:#17bfc7\">Cronograma<\/a><\/div>\n\n\n\n<div class=\"wp-block-button\"><a class=\"wp-block-button__link has-background no-border-radius\" href=\"https:\/\/villageportodegalinhas.com.br\/links-uteis\/cardapio\/\" style=\"background-color:#17bfc7\">Men\u00fa<\/a><\/div>\n\n\n\n<div class=\"wp-block-button\"><a class=\"wp-block-button__link has-background no-border-radius\" href=\"https:\/\/villageportodegalinhas.com.br\/links-uteis\/copa-baby\/\" style=\"background-color:#17bfc7\">Taza de bebe<\/a><\/div>\n\n\n\n<div class=\"wp-block-button\"><a class=\"wp-block-button__link has-background no-border-radius\" href=\"https:\/\/villageportodegalinhas.com.br\/links-uteis\/pindorama\/\" style=\"background-color:#17bfc7\">Pindorama<\/a><\/div>\n\n\n\n<div class=\"wp-block-button\"><a class=\"wp-block-button__link has-background no-border-radius\" href=\"https:\/\/villageportodegalinhas.com.br\/links-uteis\/spa\/\" style=\"background-color:#17bfc7\">Spa Tantien<\/a><\/div>\n\n\n\n<div class=\"wp-block-button\"><a class=\"wp-block-button__link has-background no-border-radius\" href=\"https:\/\/villageportodegalinhas.com.br\/links-uteis\/opinario\/\" style=\"background-color:#17bfc7\">Califica tu experiencia en Village<\/a><\/div>\n<\/div>\n\n<p><\/p>\n","protected":false},"excerpt":{"rendered":"","protected":false},"author":1,"featured_media":0,"parent":0,"menu_order":36,"comment_status":"closed","ping_status":"closed","template":"templates\/template-list.php","meta":{"_acf_changed":false,"footnotes":""},"class_list":["post-86141","page","type-page","status-publish","hentry"],"acf":[],"yoast_head":"<!-- This site is optimized with the Yoast SEO plugin v27.6 - https:\/\/yoast.com\/product\/yoast-seo-wordpress\/ -->\n<title>Links \u00fateis - Hotel Village Porto de Galinhas | Melhor hotel para sua fam\u00edlia<\/title>\n<meta name=\"robots\" content=\"index, follow, max-snippet:-1, max-image-preview:large, max-video-preview:-1\" \/>\n<link rel=\"canonical\" href=\"https:\/\/villageportodegalinhas.com.br\/es\/links-uteis\/\" \/>\n<meta property=\"og:locale\" content=\"es_ES\" \/>\n<meta property=\"og:type\" content=\"article\" \/>\n<meta property=\"og:title\" content=\"Links \u00fateis - Hotel Village Porto de Galinhas | Melhor hotel para sua fam\u00edlia\" \/>\n<meta property=\"og:url\" content=\"https:\/\/villageportodegalinhas.com.br\/es\/links-uteis\/\" \/>\n<meta property=\"og:site_name\" content=\"Hotel Village Porto de Galinhas | Melhor hotel para sua fam\u00edlia\" \/>\n<meta property=\"article:publisher\" content=\"https:\/\/www.facebook.com\/hotelvillageporto\/\" \/>\n<meta property=\"article:modified_time\" content=\"2023-02-06T16:00:04+00:00\" \/>\n<meta name=\"twitter:card\" content=\"summary_large_image\" \/>\n<script type=\"application\/ld+json\" class=\"yoast-schema-graph\">{\"@context\":\"https:\\\/\\\/schema.org\",\"@graph\":[{\"@type\":\"WebPage\",\"@id\":\"https:\\\/\\\/villageportodegalinhas.com.br\\\/es\\\/links-uteis\\\/\",\"url\":\"https:\\\/\\\/villageportodegalinhas.com.br\\\/es\\\/links-uteis\\\/\",\"name\":\"Links \u00fateis - Hotel Village Porto de Galinhas | Melhor hotel para sua fam\u00edlia\",\"isPartOf\":{\"@id\":\"https:\\\/\\\/villageportodegalinhas.com.br\\\/es\\\/#website\"},\"datePublished\":\"2020-07-23T18:24:51+00:00\",\"dateModified\":\"2023-02-06T16:00:04+00:00\",\"breadcrumb\":{\"@id\":\"https:\\\/\\\/villageportodegalinhas.com.br\\\/es\\\/links-uteis\\\/#breadcrumb\"},\"inLanguage\":\"es\",\"potentialAction\":[{\"@type\":\"ReadAction\",\"target\":[\"https:\\\/\\\/villageportodegalinhas.com.br\\\/es\\\/links-uteis\\\/\"]}]},{\"@type\":\"BreadcrumbList\",\"@id\":\"https:\\\/\\\/villageportodegalinhas.com.br\\\/es\\\/links-uteis\\\/#breadcrumb\",\"itemListElement\":[{\"@type\":\"ListItem\",\"position\":1,\"name\":\"In\u00edcio\",\"item\":\"https:\\\/\\\/villageportodegalinhas.com.br\\\/es\\\/homepage\\\/\"},{\"@type\":\"ListItem\",\"position\":2,\"name\":\"Links \u00fateis\"}]},{\"@type\":\"WebSite\",\"@id\":\"https:\\\/\\\/villageportodegalinhas.com.br\\\/es\\\/#website\",\"url\":\"https:\\\/\\\/villageportodegalinhas.com.br\\\/es\\\/\",\"name\":\"Hotel Village Porto de Galinhas\",\"description\":\"Hotel 4 estrelas com um complexo aqu\u00e1tico de mil metros, bangal\u00f4s de luxo com e sem piscina privativa, espa\u00e7o recreativo, restaurantes, bares e muito mais.\",\"publisher\":{\"@id\":\"https:\\\/\\\/villageportodegalinhas.com.br\\\/es\\\/#organization\"},\"potentialAction\":[{\"@type\":\"SearchAction\",\"target\":{\"@type\":\"EntryPoint\",\"urlTemplate\":\"https:\\\/\\\/villageportodegalinhas.com.br\\\/es\\\/?s={search_term_string}\"},\"query-input\":{\"@type\":\"PropertyValueSpecification\",\"valueRequired\":true,\"valueName\":\"search_term_string\"}}],\"inLanguage\":\"es\"},{\"@type\":\"Organization\",\"@id\":\"https:\\\/\\\/villageportodegalinhas.com.br\\\/es\\\/#organization\",\"name\":\"Hotel Village Porto de Galinhas\",\"url\":\"https:\\\/\\\/villageportodegalinhas.com.br\\\/es\\\/\",\"logo\":{\"@type\":\"ImageObject\",\"inLanguage\":\"es\",\"@id\":\"https:\\\/\\\/villageportodegalinhas.com.br\\\/es\\\/#\\\/schema\\\/logo\\\/image\\\/\",\"url\":\"https:\\\/\\\/villageportodegalinhas.com.br\\\/village\\\/wp-content\\\/uploads\\\/2024\\\/01\\\/logo.png\",\"contentUrl\":\"https:\\\/\\\/villageportodegalinhas.com.br\\\/village\\\/wp-content\\\/uploads\\\/2024\\\/01\\\/logo.png\",\"width\":220,\"height\":69,\"caption\":\"Hotel Village Porto de Galinhas\"},\"image\":{\"@id\":\"https:\\\/\\\/villageportodegalinhas.com.br\\\/es\\\/#\\\/schema\\\/logo\\\/image\\\/\"},\"sameAs\":[\"https:\\\/\\\/www.facebook.com\\\/hotelvillageporto\\\/\",\"https:\\\/\\\/www.instagram.com\\\/hotelvillageporto\\\/\",\"https:\\\/\\\/www.youtube.com\\\/user\\\/villageportodegalinh\"]}]}<\/script>\n<!-- \/ Yoast SEO plugin. -->","yoast_head_json":{"title":"Links \u00fateis - Hotel Village Porto de Galinhas | Melhor hotel para sua fam\u00edlia","robots":{"index":"index","follow":"follow","max-snippet":"max-snippet:-1","max-image-preview":"max-image-preview:large","max-video-preview":"max-video-preview:-1"},"canonical":"https:\/\/villageportodegalinhas.com.br\/es\/links-uteis\/","og_locale":"es_ES","og_type":"article","og_title":"Links \u00fateis - Hotel Village Porto de Galinhas | Melhor hotel para sua fam\u00edlia","og_url":"https:\/\/villageportodegalinhas.com.br\/es\/links-uteis\/","og_site_name":"Hotel Village Porto de Galinhas | Melhor hotel para sua fam\u00edlia","article_publisher":"https:\/\/www.facebook.com\/hotelvillageporto\/","article_modified_time":"2023-02-06T16:00:04+00:00","twitter_card":"summary_large_image","schema":{"@context":"https:\/\/schema.org","@graph":[{"@type":"WebPage","@id":"https:\/\/villageportodegalinhas.com.br\/es\/links-uteis\/","url":"https:\/\/villageportodegalinhas.com.br\/es\/links-uteis\/","name":"Links \u00fateis - Hotel Village Porto de Galinhas | Melhor hotel para sua fam\u00edlia","isPartOf":{"@id":"https:\/\/villageportodegalinhas.com.br\/es\/#website"},"datePublished":"2020-07-23T18:24:51+00:00","dateModified":"2023-02-06T16:00:04+00:00","breadcrumb":{"@id":"https:\/\/villageportodegalinhas.com.br\/es\/links-uteis\/#breadcrumb"},"inLanguage":"es","potentialAction":[{"@type":"ReadAction","target":["https:\/\/villageportodegalinhas.com.br\/es\/links-uteis\/"]}]},{"@type":"BreadcrumbList","@id":"https:\/\/villageportodegalinhas.com.br\/es\/links-uteis\/#breadcrumb","itemListElement":[{"@type":"ListItem","position":1,"name":"In\u00edcio","item":"https:\/\/villageportodegalinhas.com.br\/es\/homepage\/"},{"@type":"ListItem","position":2,"name":"Links \u00fateis"}]},{"@type":"WebSite","@id":"https:\/\/villageportodegalinhas.com.br\/es\/#website","url":"https:\/\/villageportodegalinhas.com.br\/es\/","name":"Hotel Village Porto de Galinhas","description":"Hotel 4 estrelas com um complexo aqu\u00e1tico de mil metros, bangal\u00f4s de luxo com e sem piscina privativa, espa\u00e7o recreativo, restaurantes, bares e muito mais.","publisher":{"@id":"https:\/\/villageportodegalinhas.com.br\/es\/#organization"},"potentialAction":[{"@type":"SearchAction","target":{"@type":"EntryPoint","urlTemplate":"https:\/\/villageportodegalinhas.com.br\/es\/?s={search_term_string}"},"query-input":{"@type":"PropertyValueSpecification","valueRequired":true,"valueName":"search_term_string"}}],"inLanguage":"es"},{"@type":"Organization","@id":"https:\/\/villageportodegalinhas.com.br\/es\/#organization","name":"Hotel Village Porto de Galinhas","url":"https:\/\/villageportodegalinhas.com.br\/es\/","logo":{"@type":"ImageObject","inLanguage":"es","@id":"https:\/\/villageportodegalinhas.com.br\/es\/#\/schema\/logo\/image\/","url":"https:\/\/villageportodegalinhas.com.br\/village\/wp-content\/uploads\/2024\/01\/logo.png","contentUrl":"https:\/\/villageportodegalinhas.com.br\/village\/wp-content\/uploads\/2024\/01\/logo.png","width":220,"height":69,"caption":"Hotel Village Porto de Galinhas"},"image":{"@id":"https:\/\/villageportodegalinhas.com.br\/es\/#\/schema\/logo\/image\/"},"sameAs":["https:\/\/www.facebook.com\/hotelvillageporto\/","https:\/\/www.instagram.com\/hotelvillageporto\/","https:\/\/www.youtube.com\/user\/villageportodegalinh"]}]}},"_links":{"self":[{"href":"https:\/\/villageportodegalinhas.com.br\/es\/wp-json\/wp\/v2\/pages\/86141","targetHints":{"allow":["GET"]}}],"collection":[{"href":"https:\/\/villageportodegalinhas.com.br\/es\/wp-json\/wp\/v2\/pages"}],"about":[{"href":"https:\/\/villageportodegalinhas.com.br\/es\/wp-json\/wp\/v2\/types\/page"}],"author":[{"embeddable":true,"href":"https:\/\/villageportodegalinhas.com.br\/es\/wp-json\/wp\/v2\/users\/1"}],"replies":[{"embeddable":true,"href":"https:\/\/villageportodegalinhas.com.br\/es\/wp-json\/wp\/v2\/comments?post=86141"}],"version-history":[{"count":2,"href":"https:\/\/villageportodegalinhas.com.br\/es\/wp-json\/wp\/v2\/pages\/86141\/revisions"}],"predecessor-version":[{"id":86143,"href":"https:\/\/villageportodegalinhas.com.br\/es\/wp-json\/wp\/v2\/pages\/86141\/revisions\/86143"}],"wp:attachment":[{"href":"https:\/\/villageportodegalinhas.com.br\/es\/wp-json\/wp\/v2\/media?parent=86141"}],"curies":[{"name":"wp","href":"https:\/\/api.w.org\/{rel}","templated":true}]}}